{"id":12892,"date":"2022-09-07T14:56:06","date_gmt":"2022-09-07T11:56:06","guid":{"rendered":"https:\/\/vahdettiryakioglu.com.tr\/?page_id=12892"},"modified":"2022-09-07T15:02:06","modified_gmt":"2022-09-07T12:02:06","slug":"alt","status":"publish","type":"page","link":"https:\/\/vahdettiryakioglu.com.tr\/en\/alt","title":{"rendered":"LOWER"},"content":{"rendered":"\t\t<div data-elementor-type=\"wp-page\" data-elementor-id=\"12892\" class=\"elementor elementor-12892\">\n\t\t\t\t\t\t<section class=\"elementor-section elementor-top-section elementor-element elementor-element-2ac0a2bf elementor-section-content-middle elementor-section-boxed elementor-section-height-default elementor-section-height-default\" data-id=\"2ac0a2bf\" data-element_type=\"section\" data-e-type=\"section\">\n\t\t\t\t\t\t<div class=\"elementor-container elementor-column-gap-extended\">\n\t\t\t\t\t<div class=\"elementor-column elementor-col-50 elementor-top-column elementor-element elementor-element-6eedbfdd\" data-id=\"6eedbfdd\" data-element_type=\"column\" data-e-type=\"column\">\n\t\t\t<div class=\"elementor-widget-wrap elementor-element-populated\">\n\t\t\t\t\t\t<div class=\"elementor-element elementor-element-5a9986b4 elementor-widget__width-auto elementor-absolute elementor-widget elementor-widget-image\" data-id=\"5a9986b4\" data-element_type=\"widget\" data-e-type=\"widget\" data-settings=\"{&quot;_position&quot;:&quot;absolute&quot;}\" data-widget_type=\"image.default\">\n\t\t\t\t\t\t\t\t\t\t\t\t\t\t\t<img fetchpriority=\"high\" decoding=\"async\" width=\"1920\" height=\"1080\" src=\"https:\/\/vahdettiryakioglu.com.tr\/wp-content\/uploads\/2022\/09\/m5.png\" class=\"attachment-full size-full wp-image-12440\" alt=\"\" srcset=\"https:\/\/vahdettiryakioglu.com.tr\/wp-content\/uploads\/2022\/09\/m5.png 1920w, https:\/\/vahdettiryakioglu.com.tr\/wp-content\/uploads\/2022\/09\/m5-300x169.png 300w, https:\/\/vahdettiryakioglu.com.tr\/wp-content\/uploads\/2022\/09\/m5-1024x576.png 1024w, https:\/\/vahdettiryakioglu.com.tr\/wp-content\/uploads\/2022\/09\/m5-1536x864.png 1536w\" sizes=\"(max-width: 1920px) 100vw, 1920px\" \/>\t\t\t\t\t\t\t\t\t\t\t\t\t\t\t<\/div>\n\t\t\t\t\t<\/div>\n\t\t<\/div>\n\t\t\t\t<div class=\"elementor-column elementor-col-50 elementor-top-column elementor-element elementor-element-6bf0d6cf\" data-id=\"6bf0d6cf\" data-element_type=\"column\" data-e-type=\"column\">\n\t\t\t<div class=\"elementor-widget-wrap elementor-element-populated\">\n\t\t\t\t\t\t<div class=\"elementor-element elementor-element-170b82db elementor-align-left elementor-widget elementor-widget-ld_icon_box\" data-id=\"170b82db\" data-element_type=\"widget\" data-e-type=\"widget\" data-widget_type=\"ld_icon_box.default\">\n\t\t\t\t<div class=\"elementor-widget-container\">\n\t\t\t\t\t\n\t\t\t<div id=\"ld_icon_box_170b82db\" class=\"iconbox d-flex flex-grow-1 pos-rel flex-wrap align-items-center iconbox-inline\"   >\n\n\t\t\t\t\n\t\t\t\t<div class=\"iconbox-icon-wrap  \"><div class=\"iconbox-icon-container d-inline-flex   \"><i aria-hidden=\"true\" class=\"lqd-icn-ess icon-lqd-circle\"><\/i><\/div><\/div>\n\t\t\t\t<h3 class=\"lqd-iconbox-heading \" >ALT <\/h3>\n\t\t\t\t\n\t\t\t\t\n\t\t\t\t\t\t\t\t<p><\/p>\n\t\t\t\t\n\t\t\t\t\n\t\t\t\t\n\t\t\t<\/div>\n\n\t\t\t\t\t\t<\/div>\n\t\t\t\t<\/div>\n\t\t\t\t<div class=\"elementor-element elementor-element-7eec67d0 elementor-widget elementor-widget-hub_fancy_heading\" data-id=\"7eec67d0\" data-element_type=\"widget\" data-e-type=\"widget\" data-widget_type=\"hub_fancy_heading.default\">\n\t\t\t\t<div class=\"elementor-widget-container\">\n\t\t\t\t\t\n\t\t<div id=\"ld-fancy-heading-69f56e4e0cc87\" class=\"ld-fancy-heading pos-rel\">\n\t\t\t<h2 class=\"ld-fh-element d-inline-block pos-rel  elementor-heading-title lqd-highlight-classic lqd-highlight-grow-left h2\"  > ALT Yedek Par\u00e7a Sistemleri<\/h2>\t\t<\/div>\n\n\t\t\t\t\t\t<\/div>\n\t\t\t\t<\/div>\n\t\t\t\t<div class=\"elementor-element elementor-element-19d307c0 elementor-widget elementor-widget-hub_fancy_heading\" data-id=\"19d307c0\" data-element_type=\"widget\" data-e-type=\"widget\" data-widget_type=\"hub_fancy_heading.default\">\n\t\t\t\t<div class=\"elementor-widget-container\">\n\t\t\t\t\t\n\t\t<div id=\"ld-fancy-heading-69f56e4e0d831\" class=\"ld-fancy-heading pos-rel\">\n\t\t\t<p class=\"ld-fh-element d-inline-block pos-rel  lqd-highlight-classic lqd-highlight-grow-left p\"  > Vahdet Tiryakio\u011flu Otomotiv taraf\u0131ndan distrib\u00fct\u00f6rl\u00fc\u011f\u00fc devam ettirilen Alt markas\u0131n\u0131n t\u00fcm yedek par\u00e7a sistemlerine ula\u015fabilirsiniz.<\/p>\t\t<\/div>\n\n\t\t\t\t\t\t<\/div>\n\t\t\t\t<\/div>\n\t\t\t\t\t<\/div>\n\t\t<\/div>\n\t\t\t\t\t<\/div>\n\t\t<\/section>\n\t\t\t\t<section class=\"elementor-section elementor-top-section elementor-element elementor-element-646d607b elementor-section-height-min-height elementor-section-boxed elementor-section-height-default elementor-section-items-middle\" data-id=\"646d607b\" data-element_type=\"section\" data-e-type=\"section\">\n\t\t\t\t\t\t<div class=\"elementor-container elementor-column-gap-no\">\n\t\t\t\t\t<div data-custom-animations=\"true\" data-ca-options=\"{&quot;addChildTimelines&quot;:false,&quot;trigger&quot;:&quot;firstChild&quot;,&quot;animationTarget&quot;:&quot;:scope &gt; .elementor-widget-wrap &gt; .elementor-element &gt; .elementor-widget-container, :scope &gt; .elementor-widget-wrap &gt; .elementor-section &gt; .elementor-container &gt; .elementor-column &gt; .elementor-widget-wrap &gt; .elementor-element:not(.lqd-el-has-inner-anim) &gt; .elementor-widget-container, :scope &gt; .elementor-widget-wrap &gt; .elementor-widget-hub_fancy_heading .lqd-split-lines .lqd-lines .split-inner, :scope &gt; .elementor-widget-wrap &gt; .elementor-widget-hub_fancy_heading .lqd-split-words .lqd-words .split-inner, :scope &gt; .elementor-widget-wrap &gt; .elementor-widget-hub_fancy_heading .lqd-split-chars .lqd-chars .split-inner, :scope &gt; .elementor-widget-wrap &gt; .elementor-widget-ld_custom_menu .lqd-fancy-menu &gt; ul &gt; li&quot;,&quot;duration&quot;:1800,&quot;delay&quot;:180,&quot;ease&quot;:[&quot;power4.out&quot;],&quot;initValues&quot;:{&quot;x&quot;:&quot;-50px&quot;,&quot;opacity&quot;:0,&quot;transformOrigin&quot;:&quot;50% 50% 0px&quot;},&quot;animations&quot;:{&quot;x&quot;:&quot;0px&quot;,&quot;opacity&quot;:1,&quot;transformOrigin&quot;:&quot;50% 50% 0px&quot;}}\" class=\"elementor-column elementor-col-50 elementor-top-column elementor-element elementor-element-5598607\" data-id=\"5598607\" data-element_type=\"column\" data-e-type=\"column\">\n\t\t\t<div class=\"elementor-widget-wrap elementor-element-populated\">\n\t\t\t\t\t\t<div data-custom-animations=\"true\" data-ca-options=\"{&quot;addChildTimelines&quot;:false,&quot;trigger&quot;:&quot;firstChild&quot;,&quot;animationTarget&quot;:&quot;.lqd-split-words .lqd-words .split-inner, .lqd-adv-txt-fig&quot;,&quot;ease&quot;:[&quot;power4.out&quot;],&quot;initValues&quot;:{&quot;y&quot;:&quot;70px&quot;,&quot;transformOrigin&quot;:&quot;50% 50% 0px&quot;},&quot;animations&quot;:{&quot;y&quot;:&quot;0px&quot;,&quot;transformOrigin&quot;:&quot;50% 50% 0px&quot;}}\" class=\"elementor-element elementor-element-17f52d00 elementor-widget elementor-widget-hub_fancy_heading lqd-el-has-inner-anim\" data-id=\"17f52d00\" data-element_type=\"widget\" data-e-type=\"widget\" data-settings=\"{&quot;_animation_mobile&quot;:&quot;fadeInUp&quot;,&quot;enable_split&quot;:&quot;true&quot;,&quot;split_type&quot;:&quot;words&quot;}\" data-widget_type=\"hub_fancy_heading.default\">\n\t\t\t\t<div class=\"elementor-widget-container\">\n\t\t\t\t\t\n\t\t<div id=\"ld-fancy-heading-69f56e4e0e230\" class=\"ld-fancy-heading pos-rel mask-text\">\n\t\t\t<h6 class=\"ld-fh-element d-inline-block pos-rel  elementor-heading-title lqd-highlight-classic lqd-highlight-grow-left lqd-split-words h6\"  data-split-text=\"true\" data-split-options='{\"type\":\"words\"}'> Vahdet Tiryakio\u011flu Otomotiv<\/h6>\t\t<\/div>\n\n\t\t\t\t\t\t<\/div>\n\t\t\t\t<\/div>\n\t\t\t\t<div class=\"elementor-element elementor-element-7ed218eb elementor-widget elementor-widget-hub_fancy_heading\" data-id=\"7ed218eb\" data-element_type=\"widget\" data-e-type=\"widget\" data-widget_type=\"hub_fancy_heading.default\">\n\t\t\t\t<div class=\"elementor-widget-container\">\n\t\t\t\t\t\n\t\t<div id=\"ld-fancy-heading-69f56e4e0ebcd\" class=\"ld-fancy-heading pos-rel\">\n\t\t\t<p class=\"ld-fh-element d-inline-block pos-rel  lqd-highlight-classic lqd-highlight-grow-left p\"  > Vahdet Tiryakio\u011flu Otomotiv taraf\u0131ndan distrib\u00fct\u00f6rl\u00fc\u011f\u00fc devam ettirilen Alt markas\u0131n\u0131n t\u00fcm yedek par\u00e7a sistemlerine ula\u015fabilirsiniz.<\/p>\t\t<\/div>\n\n\t\t\t\t\t\t<\/div>\n\t\t\t\t<\/div>\n\t\t\t\t<div class=\"elementor-element elementor-element-14c74258 elementor-widget elementor-widget-spacer\" data-id=\"14c74258\" data-element_type=\"widget\" data-e-type=\"widget\" data-widget_type=\"spacer.default\">\n\t\t\t\t\t\t\t<div class=\"elementor-spacer\">\n\t\t\t<div class=\"elementor-spacer-inner\"><\/div>\n\t\t<\/div>\n\t\t\t\t\t\t<\/div>\n\t\t\t\t<div class=\"elementor-element elementor-element-4b2890b7 elementor-widget elementor-widget-spacer\" data-id=\"4b2890b7\" data-element_type=\"widget\" data-e-type=\"widget\" data-widget_type=\"spacer.default\">\n\t\t\t\t\t\t\t<div class=\"elementor-spacer\">\n\t\t\t<div class=\"elementor-spacer-inner\"><\/div>\n\t\t<\/div>\n\t\t\t\t\t\t<\/div>\n\t\t\t\t\t<\/div>\n\t\t<\/div>\n\t\t\t\t<div class=\"elementor-column elementor-col-50 elementor-top-column elementor-element elementor-element-3f6989aa elementor-hidden-phone elementor-hidden-tablet\" data-id=\"3f6989aa\" data-element_type=\"column\" data-e-type=\"column\">\n\t\t\t<div class=\"elementor-widget-wrap elementor-element-populated\">\n\t\t\t\t\t\t<div data-parallax=\"true\" data-parallax-options=\"{&quot;ease&quot;:[&quot;linear&quot;],&quot;start&quot;:&quot;top bottom&quot;,&quot;end&quot;:&quot;bottom+=0px top&quot;}\" data-parallax-from=\"{&quot;y&quot;:&quot;80px&quot;,&quot;transformOrigin&quot;:&quot;50% 50% 0px&quot;}\" data-parallax-to=\"{&quot;y&quot;:&quot;-120px&quot;,&quot;transformOrigin&quot;:&quot;50% 50% 0px&quot;}\" class=\"elementor-element elementor-element-1781fb9d elementor-widget__width-initial elementor-absolute elementor-widget elementor-widget-ld_fancy_image\" data-id=\"1781fb9d\" data-element_type=\"widget\" data-e-type=\"widget\" data-settings=\"{&quot;_position&quot;:&quot;absolute&quot;}\" data-widget_type=\"ld_fancy_image.default\">\n\t\t\t\t<div class=\"elementor-widget-container\">\n\t\t\t\t\t\n\t\t<div class=\"lqd-imggrp-single d-block pos-rel perspective\" data-shadow-style=\"4\" data-inview=\"true\" data-inview-options=\"{&quot;delayTime&quot;:400}\" data-animate-shadow=\"true\" data-hover3d=\"true\">\n\t\t\t<div class=\"lqd-imggrp-img-container d-inline-flex pos-rel align-items-center justify-content-center transform-style-3d\">\n\t\t\t\t\t\t\t\t<figure class=\"w-100 pos-rel\" data-stacking-factor=\"1\">\n\t\t\t\t\t<img decoding=\"async\" width=\"1500\" height=\"1000\" src=\"https:\/\/vahdettiryakioglu.com.tr\/wp-content\/uploads\/2022\/09\/as-2.png\" class=\"attachment-full size-full wp-image-12503\" alt=\"\" srcset=\"https:\/\/vahdettiryakioglu.com.tr\/wp-content\/uploads\/2022\/09\/as-2.png 1500w, https:\/\/vahdettiryakioglu.com.tr\/wp-content\/uploads\/2022\/09\/as-2-300x200.png 300w, https:\/\/vahdettiryakioglu.com.tr\/wp-content\/uploads\/2022\/09\/as-2-1024x683.png 1024w, https:\/\/vahdettiryakioglu.com.tr\/wp-content\/uploads\/2022\/09\/as-2-720x480.png 720w\" sizes=\"(max-width: 1500px) 100vw, 1500px\" itemprop=\"image\" \/>\t\t\t\t\t\t\t\t\t\t\t\t\t\t\t\t\t\t\t\t\t\t\t\t\t\t\t\t\t<\/figure>\n\t\t\t<\/div>\n\t\t<\/div>\n\n\t\t\t\t\t<\/div>\n\t\t\t\t<\/div>\n\t\t\t\t<div data-parallax=\"true\" data-parallax-options=\"{&quot;ease&quot;:[&quot;linear&quot;],&quot;start&quot;:&quot;top bottom&quot;,&quot;end&quot;:&quot;bottom+=0px top&quot;}\" data-parallax-from=\"{&quot;y&quot;:&quot;170px&quot;,&quot;transformOrigin&quot;:&quot;50% 50% 0px&quot;}\" data-parallax-to=\"{&quot;y&quot;:&quot;-60px&quot;,&quot;transformOrigin&quot;:&quot;50% 50% 0px&quot;}\" class=\"elementor-element elementor-element-670ee7af elementor-absolute elementor-widget elementor-widget-hub_fancy_heading\" data-id=\"670ee7af\" data-element_type=\"widget\" data-e-type=\"widget\" data-settings=\"{&quot;_position&quot;:&quot;absolute&quot;}\" data-widget_type=\"hub_fancy_heading.default\">\n\t\t\t\t<div class=\"elementor-widget-container\">\n\t\t\t\t\t\n\t\t<div id=\"ld-fancy-heading-69f56e4e11d77\" class=\"ld-fancy-heading pos-rel\">\n\t\t\t<h2 class=\"ld-fh-element d-inline-block pos-rel  elementor-heading-title lqd-highlight-classic lqd-highlight-grow-left h2\"  > 2016<\/h2>\t\t<\/div>\n\n\t\t\t\t\t\t<\/div>\n\t\t\t\t<\/div>\n\t\t\t\t<div data-parallax=\"true\" data-parallax-options=\"{&quot;ease&quot;:[&quot;linear&quot;],&quot;start&quot;:&quot;top bottom&quot;,&quot;end&quot;:&quot;bottom+=0px top&quot;}\" data-parallax-from=\"{&quot;y&quot;:&quot;175px&quot;,&quot;transformOrigin&quot;:&quot;50% 50% 0px&quot;}\" data-parallax-to=\"{&quot;y&quot;:&quot;-95px&quot;,&quot;transformOrigin&quot;:&quot;50% 50% 0px&quot;}\" class=\"elementor-element elementor-element-6a49e720 elementor-widget__width-initial elementor-absolute elementor-widget elementor-widget-ld_fancy_image\" data-id=\"6a49e720\" data-element_type=\"widget\" data-e-type=\"widget\" data-settings=\"{&quot;_position&quot;:&quot;absolute&quot;}\" data-widget_type=\"ld_fancy_image.default\">\n\t\t\t\t<div class=\"elementor-widget-container\">\n\t\t\t\t\t\n\t\t<div class=\"lqd-imggrp-single d-block pos-rel \" data-shadow-style=\"1\">\n\t\t\t<div class=\"lqd-imggrp-img-container d-inline-flex pos-rel align-items-center justify-content-center \">\n\t\t\t\t\t\t\t\t<figure class=\"w-100 pos-rel\">\n\t\t\t\t\t<img decoding=\"async\" width=\"1500\" height=\"1000\" src=\"data:image\/svg+xml;charset=utf-8,%3Csvg xmlns%3D&#039;http%3A%2F%2Fwww.w3.org%2F2000%2Fsvg&#039; viewBox%3D&#039;0 0 1500 1000&#039;%2F%3E\" class=\"attachment-full size-full wp-image-12503 ld-lazyload\" alt=\"\" itemprop=\"image\" data-src=\"https:\/\/vahdettiryakioglu.com.tr\/wp-content\/uploads\/2022\/09\/as-2.png\" data-srcset=\"https:\/\/vahdettiryakioglu.com.tr\/wp-content\/uploads\/2022\/09\/as-2.png 1500w, https:\/\/vahdettiryakioglu.com.tr\/wp-content\/uploads\/2022\/09\/as-2-300x200.png 300w, https:\/\/vahdettiryakioglu.com.tr\/wp-content\/uploads\/2022\/09\/as-2-1024x683.png 1024w, https:\/\/vahdettiryakioglu.com.tr\/wp-content\/uploads\/2022\/09\/as-2-720x480.png 720w\" data-sizes=\"(max-width: 1500px) 100vw, 1500px\" data-aspect=\"1.5\" \/>\t\t\t\t\t\t\t\t\t\t\t\t\t\t\t\t\t\t\t\t\t\t\t\t\t\t\t\t\t<\/figure>\n\t\t\t<\/div>\n\t\t<\/div>\n\n\t\t\t\t\t<\/div>\n\t\t\t\t<\/div>\n\t\t\t\t<div data-parallax=\"true\" data-parallax-options=\"{&quot;ease&quot;:[&quot;linear&quot;],&quot;start&quot;:&quot;top bottom&quot;,&quot;end&quot;:&quot;bottom+=0px top&quot;}\" data-parallax-from=\"{&quot;y&quot;:&quot;30px&quot;,&quot;transformOrigin&quot;:&quot;50% 50% 0px&quot;}\" data-parallax-to=\"{&quot;y&quot;:&quot;-130px&quot;,&quot;transformOrigin&quot;:&quot;50% 50% 0px&quot;}\" class=\"elementor-element elementor-element-1ef727a6 elementor-widget__width-initial elementor-absolute elementor-widget elementor-widget-ld_fancy_image\" data-id=\"1ef727a6\" data-element_type=\"widget\" data-e-type=\"widget\" data-settings=\"{&quot;_position&quot;:&quot;absolute&quot;}\" data-widget_type=\"ld_fancy_image.default\">\n\t\t\t\t<div class=\"elementor-widget-container\">\n\t\t\t\t\t\n\t\t<div class=\"lqd-imggrp-single d-block pos-rel \" data-shadow-style=\"4\" data-inview=\"true\" data-inview-options=\"{&quot;delayTime&quot;:400}\" data-animate-shadow=\"true\">\n\t\t\t<div class=\"lqd-imggrp-img-container d-inline-flex pos-rel align-items-center justify-content-center \">\n\t\t\t\t\t\t\t\t<figure class=\"w-100 pos-rel\">\n\t\t\t\t\t<img decoding=\"async\" width=\"1500\" height=\"1000\" src=\"data:image\/svg+xml;charset=utf-8,%3Csvg xmlns%3D&#039;http%3A%2F%2Fwww.w3.org%2F2000%2Fsvg&#039; viewBox%3D&#039;0 0 1500 1000&#039;%2F%3E\" class=\"attachment-full size-full wp-image-12503 ld-lazyload\" alt=\"\" itemprop=\"image\" data-src=\"https:\/\/vahdettiryakioglu.com.tr\/wp-content\/uploads\/2022\/09\/as-2.png\" data-srcset=\"https:\/\/vahdettiryakioglu.com.tr\/wp-content\/uploads\/2022\/09\/as-2.png 1500w, https:\/\/vahdettiryakioglu.com.tr\/wp-content\/uploads\/2022\/09\/as-2-300x200.png 300w, https:\/\/vahdettiryakioglu.com.tr\/wp-content\/uploads\/2022\/09\/as-2-1024x683.png 1024w, https:\/\/vahdettiryakioglu.com.tr\/wp-content\/uploads\/2022\/09\/as-2-720x480.png 720w\" data-sizes=\"(max-width: 1500px) 100vw, 1500px\" data-aspect=\"1.5\" \/>\t\t\t\t\t\t\t\t\t\t\t\t\t\t\t\t\t\t\t\t\t\t\t\t\t\t\t\t\t<\/figure>\n\t\t\t<\/div>\n\t\t<\/div>\n\n\t\t\t\t\t<\/div>\n\t\t\t\t<\/div>\n\t\t\t\t\t<\/div>\n\t\t<\/div>\n\t\t\t\t\t<\/div>\n\t\t<\/section>\n\t\t\t\t<section class=\"elementor-section elementor-top-section elementor-element elementor-element-3ced1307 elementor-section-boxed elementor-section-height-default elementor-section-height-default\" data-id=\"3ced1307\" data-element_type=\"section\" data-e-type=\"section\">\n\t\t\t\t\t\t<div class=\"elementor-container elementor-column-gap-default\">\n\t\t\t\t\t<div class=\"elementor-column elementor-col-100 elementor-top-column elementor-element elementor-element-17040f56\" data-id=\"17040f56\" data-element_type=\"column\" data-e-type=\"column\">\n\t\t\t<div class=\"elementor-widget-wrap elementor-element-populated\">\n\t\t\t\t\t\t<div class=\"elementor-element elementor-element-25693c26 elementor-widget__width-auto elementor-widget elementor-widget-hub_fancy_heading\" data-id=\"25693c26\" data-element_type=\"widget\" data-e-type=\"widget\" data-widget_type=\"hub_fancy_heading.default\">\n\t\t\t\t<div class=\"elementor-widget-container\">\n\t\t\t\t\t\n\t\t<div id=\"ld-fancy-heading-69f56e4e2a412\" class=\"ld-fancy-heading pos-rel\">\n\t\t\t<h6 class=\"ld-fh-element d-inline-block pos-rel  elementor-heading-title lqd-highlight-classic lqd-highlight-grow-left h6\"  > ALT<\/h6>\t\t<\/div>\n\n\t\t\t\t\t\t<\/div>\n\t\t\t\t<\/div>\n\t\t\t\t<div class=\"elementor-element elementor-element-3b6daf27 elementor-widget elementor-widget-hub_fancy_heading\" data-id=\"3b6daf27\" data-element_type=\"widget\" data-e-type=\"widget\" data-widget_type=\"hub_fancy_heading.default\">\n\t\t\t\t<div class=\"elementor-widget-container\">\n\t\t\t\t\t\n\t\t<div id=\"ld-fancy-heading-69f56e4e2b5c0\" class=\"ld-fancy-heading pos-rel\">\n\t\t\t<h2 class=\"ld-fh-element d-inline-block pos-rel  elementor-heading-title lqd-highlight-classic lqd-highlight-grow-left h2\"  > \u00dcr\u00fcn Gruplar\u0131<\/h2>\t\t<\/div>\n\n\t\t\t\t\t\t<\/div>\n\t\t\t\t<\/div>\n\t\t\t\t<div class=\"elementor-element elementor-element-1ebe1a8a elementor-widget elementor-widget-ld_media_element\" data-id=\"1ebe1a8a\" data-element_type=\"widget\" data-e-type=\"widget\" data-widget_type=\"ld_media_element.default\">\n\t\t\t\t<div class=\"elementor-widget-container\">\n\t\t\t\t\t\n\t\t<div class=\"ld-media-row d-flex flex-wrap\" data-liquid-masonry=\"true\">\n\n\t\t\t\t\t\t<div class=\"masonry-item elementor-repeater-item-aec6418\">\n\n\t\t\t\t<div class=\"ld-media-item pos-rel overflow-hidden  \">\n\n\t\t\t\t\t<figure class=\"bg-cover\">\n\t\t\t\t\t\t<img loading=\"lazy\" decoding=\"async\" width=\"1500\" height=\"1000\" src=\"data:image\/svg+xml;charset=utf-8,%3Csvg xmlns%3D&#039;http%3A%2F%2Fwww.w3.org%2F2000%2Fsvg&#039; viewBox%3D&#039;0 0 1500 1000&#039;%2F%3E\" class=\"w-100 objfit-cover objpos-center ld-lazyload\" alt=\"\" itemprop=\"image\" data-src=\"https:\/\/vahdettiryakioglu.com.tr\/wp-content\/uploads\/2022\/09\/as-2.png\" data-srcset=\"https:\/\/vahdettiryakioglu.com.tr\/wp-content\/uploads\/2022\/09\/as-2.png 1500w, https:\/\/vahdettiryakioglu.com.tr\/wp-content\/uploads\/2022\/09\/as-2-300x200.png 300w, https:\/\/vahdettiryakioglu.com.tr\/wp-content\/uploads\/2022\/09\/as-2-1024x683.png 1024w, https:\/\/vahdettiryakioglu.com.tr\/wp-content\/uploads\/2022\/09\/as-2-720x480.png 720w\" data-sizes=\"(max-width: 1500px) 100vw, 1500px\" data-aspect=\"1.5\" \/>\t\t\t\t\t<\/figure>\n\n\t\t\t\t\t<div class=\"ld-media-item-overlay d-flex flex-column align-items-center lqd-overlay text-center justify-content-center\">\n\n\t\t\t\t\t\t<div class=\"ld-media-bg lqd-overlay\"><\/div>\n\n\t\t\t\t\t\t<div class=\"ld-media-content pos-rel z-index-2\">\n\t\t\t\t\t\t\t<div class=\"ld-media-txt\">\n\t\t\t\t\t\t\t\t<h3 class=\"m-0\"><\/h3>\n\t\t\t\t\t\t\t\t<h6 class=\"m-0 text-uppercase ltr-sp-135\"><\/h6>\n\t\t\t\t\t\t\t\t\t\t\t\t\t\t\t<\/div>\n\t\t\t\t\t\t<\/div>\n\n\t\t\t\t\t<\/div>\n\n\t\t\t\t\t<a href=\"https:\/\/vahdettiryakioglu.com.tr\/wp-content\/uploads\/2022\/09\/as-2.png\" aria-label=\"\" class=\"lqd-overlay z-index-2 fresco\" data-fresco-caption=\"\" data-fresco-group=\"ld-media-element-1ebe1a8a\"><\/a>\n\t\t\t\t<\/div>\n\n\t\t\t<\/div>\n\t\t\t\t\t\t<div class=\"masonry-item elementor-repeater-item-5618c73\">\n\n\t\t\t\t<div class=\"ld-media-item pos-rel overflow-hidden  \">\n\n\t\t\t\t\t<figure class=\"bg-cover\">\n\t\t\t\t\t\t<img loading=\"lazy\" decoding=\"async\" width=\"1500\" height=\"1000\" src=\"data:image\/svg+xml;charset=utf-8,%3Csvg xmlns%3D&#039;http%3A%2F%2Fwww.w3.org%2F2000%2Fsvg&#039; viewBox%3D&#039;0 0 1500 1000&#039;%2F%3E\" class=\"w-100 objfit-cover objpos-center ld-lazyload\" alt=\"\" itemprop=\"image\" data-src=\"https:\/\/vahdettiryakioglu.com.tr\/wp-content\/uploads\/2022\/09\/as-2.png\" data-srcset=\"https:\/\/vahdettiryakioglu.com.tr\/wp-content\/uploads\/2022\/09\/as-2.png 1500w, https:\/\/vahdettiryakioglu.com.tr\/wp-content\/uploads\/2022\/09\/as-2-300x200.png 300w, https:\/\/vahdettiryakioglu.com.tr\/wp-content\/uploads\/2022\/09\/as-2-1024x683.png 1024w, https:\/\/vahdettiryakioglu.com.tr\/wp-content\/uploads\/2022\/09\/as-2-720x480.png 720w\" data-sizes=\"(max-width: 1500px) 100vw, 1500px\" data-aspect=\"1.5\" \/>\t\t\t\t\t<\/figure>\n\n\t\t\t\t\t<div class=\"ld-media-item-overlay d-flex flex-column align-items-center lqd-overlay text-center justify-content-center\">\n\n\t\t\t\t\t\t<div class=\"ld-media-bg lqd-overlay\"><\/div>\n\n\t\t\t\t\t\t<div class=\"ld-media-content pos-rel z-index-2\">\n\t\t\t\t\t\t\t<div class=\"ld-media-txt\">\n\t\t\t\t\t\t\t\t<h3 class=\"m-0\"><\/h3>\n\t\t\t\t\t\t\t\t<h6 class=\"m-0 text-uppercase ltr-sp-135\"><\/h6>\n\t\t\t\t\t\t\t\t\t\t\t\t\t\t\t<\/div>\n\t\t\t\t\t\t<\/div>\n\n\t\t\t\t\t<\/div>\n\n\t\t\t\t\t<a href=\"https:\/\/vahdettiryakioglu.com.tr\/wp-content\/uploads\/2022\/09\/as-2.png\" aria-label=\"\" class=\"lqd-overlay z-index-2 fresco\" data-fresco-caption=\"\" data-fresco-group=\"ld-media-element-1ebe1a8a\"><\/a>\n\t\t\t\t<\/div>\n\n\t\t\t<\/div>\n\t\t\t\t\t\t<div class=\"masonry-item elementor-repeater-item-5b840b4\">\n\n\t\t\t\t<div class=\"ld-media-item pos-rel overflow-hidden  \">\n\n\t\t\t\t\t<figure class=\"bg-cover\">\n\t\t\t\t\t\t<img loading=\"lazy\" decoding=\"async\" width=\"1500\" height=\"1000\" src=\"data:image\/svg+xml;charset=utf-8,%3Csvg xmlns%3D&#039;http%3A%2F%2Fwww.w3.org%2F2000%2Fsvg&#039; viewBox%3D&#039;0 0 1500 1000&#039;%2F%3E\" class=\"w-100 objfit-cover objpos-center ld-lazyload\" alt=\"\" itemprop=\"image\" data-src=\"https:\/\/vahdettiryakioglu.com.tr\/wp-content\/uploads\/2022\/09\/as-2.png\" data-srcset=\"https:\/\/vahdettiryakioglu.com.tr\/wp-content\/uploads\/2022\/09\/as-2.png 1500w, https:\/\/vahdettiryakioglu.com.tr\/wp-content\/uploads\/2022\/09\/as-2-300x200.png 300w, https:\/\/vahdettiryakioglu.com.tr\/wp-content\/uploads\/2022\/09\/as-2-1024x683.png 1024w, https:\/\/vahdettiryakioglu.com.tr\/wp-content\/uploads\/2022\/09\/as-2-720x480.png 720w\" data-sizes=\"(max-width: 1500px) 100vw, 1500px\" data-aspect=\"1.5\" \/>\t\t\t\t\t<\/figure>\n\n\t\t\t\t\t<div class=\"ld-media-item-overlay d-flex flex-column align-items-center lqd-overlay text-center justify-content-center\">\n\n\t\t\t\t\t\t<div class=\"ld-media-bg lqd-overlay\"><\/div>\n\n\t\t\t\t\t\t<div class=\"ld-media-content pos-rel z-index-2\">\n\t\t\t\t\t\t\t<div class=\"ld-media-txt\">\n\t\t\t\t\t\t\t\t<h3 class=\"m-0\"><\/h3>\n\t\t\t\t\t\t\t\t<h6 class=\"m-0 text-uppercase ltr-sp-135\"><\/h6>\n\t\t\t\t\t\t\t\t\t\t\t\t\t\t\t<\/div>\n\t\t\t\t\t\t<\/div>\n\n\t\t\t\t\t<\/div>\n\n\t\t\t\t\t<a href=\"https:\/\/vahdettiryakioglu.com.tr\/wp-content\/uploads\/2022\/09\/as-2.png\" aria-label=\"\" class=\"lqd-overlay z-index-2 fresco\" data-fresco-caption=\"\" data-fresco-group=\"ld-media-element-1ebe1a8a\"><\/a>\n\t\t\t\t<\/div>\n\n\t\t\t<\/div>\n\t\t\t\n\t\t<\/div>\n\n\t\t\t\t\t\t<\/div>\n\t\t\t\t<\/div>\n\t\t\t\t\t<\/div>\n\t\t<\/div>\n\t\t\t\t\t<\/div>\n\t\t<\/section>\n\t\t\t\t<\/div>\n\t\t","protected":false},"excerpt":{"rendered":"<p>ALT Spare Parts Systems: You can access all spare parts systems of the Alt brand, whose distribution is continued by Vahdet Tiryakio\u011flu Automotive. Vahdet Tiryakio\u011flu Automotive: You can access all spare parts systems of the Alt brand, whose distribution is continued by Vahdet Tiryakio\u011flu Automotive. 2016 ALT Product Groups<\/p>","protected":false},"author":1,"featured_media":0,"parent":0,"menu_order":0,"comment_status":"closed","ping_status":"closed","template":"","meta":{"footnotes":""},"class_list":["post-12892","page","type-page","status-publish","hentry"],"_links":{"self":[{"href":"https:\/\/vahdettiryakioglu.com.tr\/en\/wp-json\/wp\/v2\/pages\/12892","targetHints":{"allow":["GET"]}}],"collection":[{"href":"https:\/\/vahdettiryakioglu.com.tr\/en\/wp-json\/wp\/v2\/pages"}],"about":[{"href":"https:\/\/vahdettiryakioglu.com.tr\/en\/wp-json\/wp\/v2\/types\/page"}],"author":[{"embeddable":true,"href":"https:\/\/vahdettiryakioglu.com.tr\/en\/wp-json\/wp\/v2\/users\/1"}],"replies":[{"embeddable":true,"href":"https:\/\/vahdettiryakioglu.com.tr\/en\/wp-json\/wp\/v2\/comments?post=12892"}],"version-history":[{"count":4,"href":"https:\/\/vahdettiryakioglu.com.tr\/en\/wp-json\/wp\/v2\/pages\/12892\/revisions"}],"predecessor-version":[{"id":12896,"href":"https:\/\/vahdettiryakioglu.com.tr\/en\/wp-json\/wp\/v2\/pages\/12892\/revisions\/12896"}],"wp:attachment":[{"href":"https:\/\/vahdettiryakioglu.com.tr\/en\/wp-json\/wp\/v2\/media?parent=12892"}],"curies":[{"name":"wp","href":"https:\/\/api.w.org\/{rel}","templated":true}]}}