{"id":12663,"date":"2022-09-06T16:14:57","date_gmt":"2022-09-06T13:14:57","guid":{"rendered":"https:\/\/vahdettiryakioglu.com.tr\/?page_id=12663"},"modified":"2022-09-27T09:35:14","modified_gmt":"2022-09-27T06:35:14","slug":"haberler","status":"publish","type":"page","link":"https:\/\/vahdettiryakioglu.com.tr\/en\/haberler","title":{"rendered":"News"},"content":{"rendered":"<div data-elementor-type=\"wp-page\" data-elementor-id=\"12663\" class=\"elementor elementor-12663\">\n\t\t\t\t\t\t<section class=\"elementor-section elementor-top-section elementor-element elementor-element-34fd83f7 elementor-section-boxed elementor-section-height-default elementor-section-height-default\" data-id=\"34fd83f7\" data-element_type=\"section\" data-e-type=\"section\" id=\"xs_blog_sort_an_full_grid\" data-settings=\"{&quot;background_background&quot;:&quot;classic&quot;}\">\n\t\t\t\t\t\t<div class=\"elementor-container elementor-column-gap-default\">\n\t\t\t\t\t<div class=\"elementor-column elementor-col-100 elementor-top-column elementor-element elementor-element-33149ecd\" data-id=\"33149ecd\" data-element_type=\"column\" data-e-type=\"column\">\n\t\t\t<div class=\"elementor-widget-wrap elementor-element-populated\">\n\t\t\t\t\t\t<div class=\"elementor-element elementor-element-49bccea8 elementor-widget elementor-widget-elementskit-blog-posts\" data-id=\"49bccea8\" data-element_type=\"widget\" data-e-type=\"widget\" data-widget_type=\"elementskit-blog-posts.default\">\n\t\t\t\t\t<div class=\"ekit-wid-con\" >        <div id=\"post-items--49bccea8\" class=\"row post-items\">\n                    <div class=\"col-md-12\">\n\n                                    <div class=\"elementskit-blog-block-post\">\n                        <div class=\"row no-gutters\">\n                                                            <div class=\"col-md-6 order-1\">\n                                    <a href=\"https:\/\/vahdettiryakioglu.com.tr\/en\/automechanika-2021-fuarindayiz.html\" class=\"elementskit-entry-thumb\">\n                                        <img decoding=\"async\" src=\"https:\/\/vahdettiryakioglu.com.tr\/wp-content\/uploads\/2022\/06\/q-e1655681087510.jpg\" alt=\"AUTOMECHAN\u0130KA 2021 FUARINDAYIZ\">\n                                    <\/a><!-- .elementskit-entry-thumb END -->\n                                <\/div>\n                            \n                            <div class=\"col-md-6 order-2\">\n                                <div class=\"elementskit-post-body\">\n                                    <div class=\"elementskit-entry-header\">\n                                        \n                                                                                            \t\t\t\t\t\t\t\t\t\t\t<div class=\"post-meta-list\">\n\t\t\t\t\t\t\t\t\t\t\t\t\t<\/div>\n\t\t\t\t\t                                            \n                                            \n                                                                                            \t\t\t\t<h2 class=\"entry-title\">\n\t\t\t\t\t<a href=\"https:\/\/vahdettiryakioglu.com.tr\/en\/automechanika-2021-fuarindayiz.html\">\n\t\t\t\t\t\tWE ARE AT AUTOMECHANIKA 2021 FAIR\t\t\t\t\t<\/a>\n\t\t\t\t<\/h2>\n\t\t\t                                                                                <\/div><!-- .elementskit-entry-header END -->\n\n                                                                            <div class=\"elementskit-post-footer\">\n                                                                                            <p>We are at AUTOMECHANIKA 2021! We are at Automechanika Istanbul 2018, April 5-8. We would be happy to see you at our stand, Hall 2 B165.<\/p>\n                                                                                                                                <\/div><!-- .elementskit-post-footer END -->\n                                                                    <\/div><!-- .elementskit-post-body END -->\n                            <\/div>\n                        <\/div>\n                    <\/div><!-- .elementskit-blog-block-post .radius .gradient-bg END -->\n                \n            <\/div>\n                    <div class=\"col-md-12\">\n\n                                    <div class=\"elementskit-blog-block-post\">\n                        <div class=\"row no-gutters\">\n                                                            <div class=\"col-md-6 order-1\">\n                                    <a href=\"https:\/\/vahdettiryakioglu.com.tr\/en\/alles-markali-urunlerimiz-satisa-basladi.html\" class=\"elementskit-entry-thumb\">\n                                        <img decoding=\"async\" src=\"https:\/\/vahdettiryakioglu.com.tr\/wp-content\/uploads\/2022\/06\/alles-triger-kitleri.png\" alt=\"ALLES MARKALI \u00dcR\u00dcNLER\u0130M\u0130Z SATI\u015eA BA\u015eLADI\">\n                                    <\/a><!-- .elementskit-entry-thumb END -->\n                                <\/div>\n                            \n                            <div class=\"col-md-6 order-2\">\n                                <div class=\"elementskit-post-body\">\n                                    <div class=\"elementskit-entry-header\">\n                                        \n                                                                                            \t\t\t\t\t\t\t\t\t\t\t<div class=\"post-meta-list\">\n\t\t\t\t\t\t\t\t\t\t\t\t\t<\/div>\n\t\t\t\t\t                                            \n                                            \n                                                                                            \t\t\t\t<h2 class=\"entry-title\">\n\t\t\t\t\t<a href=\"https:\/\/vahdettiryakioglu.com.tr\/en\/alles-markali-urunlerimiz-satisa-basladi.html\">\n\t\t\t\t\t\tALLES BRANDED PRODUCTS ARE NOW ON SALE.\t\t\t\t\t<\/a>\n\t\t\t\t<\/h2>\n\t\t\t                                                                                <\/div><!-- .elementskit-entry-header END -->\n\n                                                                            <div class=\"elementskit-post-footer\">\n                                                                                            <p>Dear valued customer, as of October 4, 2021, we will be offering KIT brand timing belt and bearing sets with ALLES brand references to our valued customers. We will be making the necessary changes to your systems and related units\u2026<\/p>\n                                                                                                                                <\/div><!-- .elementskit-post-footer END -->\n                                                                    <\/div><!-- .elementskit-post-body END -->\n                            <\/div>\n                        <\/div>\n                    <\/div><!-- .elementskit-blog-block-post .radius .gradient-bg END -->\n                \n            <\/div>\n                    <div class=\"col-md-12\">\n\n                                    <div class=\"elementskit-blog-block-post\">\n                        <div class=\"row no-gutters\">\n                                                            <div class=\"col-md-6 order-1\">\n                                    <a href=\"https:\/\/vahdettiryakioglu.com.tr\/en\/60-yil-etkinligi.html\" class=\"elementskit-entry-thumb\">\n                                        <img decoding=\"async\" src=\"https:\/\/vahdettiryakioglu.com.tr\/wp-content\/uploads\/2022\/06\/60.yil_.jpeg\" alt=\"60. YIL ETK\u0130NL\u0130\u011e\u0130M\u0130Z\">\n                                    <\/a><!-- .elementskit-entry-thumb END -->\n                                <\/div>\n                            \n                            <div class=\"col-md-6 order-2\">\n                                <div class=\"elementskit-post-body\">\n                                    <div class=\"elementskit-entry-header\">\n                                        \n                                                                                            \t\t\t\t\t\t\t\t\t\t\t<div class=\"post-meta-list\">\n\t\t\t\t\t\t\t\t\t\t\t\t\t<\/div>\n\t\t\t\t\t                                            \n                                            \n                                                                                            \t\t\t\t<h2 class=\"entry-title\">\n\t\t\t\t\t<a href=\"https:\/\/vahdettiryakioglu.com.tr\/en\/60-yil-etkinligi.html\">\n\t\t\t\t\t\tOUR 60TH ANNIVERSARY EVENT\t\t\t\t\t<\/a>\n\t\t\t\t<\/h2>\n\t\t\t                                                                                <\/div><!-- .elementskit-entry-header END -->\n\n                                                                            <div class=\"elementskit-post-footer\">\n                                                                                            <p>60TH ANNIVERSARY EVENT Vahdet Tiryakio\u011flu company celebrated its 60th anniversary with a magnificent event attended by its valued business partners, employees, and family members. This event, which included many important figures from the sector, was very...<\/p>\n                                                                                                                                <\/div><!-- .elementskit-post-footer END -->\n                                                                    <\/div><!-- .elementskit-post-body END -->\n                            <\/div>\n                        <\/div>\n                    <\/div><!-- .elementskit-blog-block-post .radius .gradient-bg END -->\n                \n            <\/div>\n                <\/div>\n       <\/div>\t\t\t\t<\/div>\n\t\t\t\t\t<\/div>\n\t\t<\/div>\n\t\t\t\t\t<\/div>\n\t\t<\/section>\n\t\t\t\t<\/div>","protected":false},"excerpt":{"rendered":"<p>AUTOMECHAN\u0130KA 2021 FUARINDAYIZ AUTOMECHAN\u0130KA 2021 FUARINDAYIZ 5-8 Nisan Automechanika \u0130stanbul 2018 Fuar\u0131nday\u0131z. Hall 2 B165 stand\u0131nda sizleri de aram\u0131zda g\u00f6rmekten mutluluk duyar\u0131z. ALLES MARKALI \u00dcR\u00dcNLER\u0130M\u0130Z SATI\u015eA BA\u015eLADI De\u011ferli m\u00fc\u015fterimiz, 04.10.2021 tarihi itibari ile KIT marka Triger kay\u0131\u015f ve rulman setleri \u00fcr\u00fcnlerimizi ALLES markas\u0131 referanslar\u0131 ile siz de\u011ferli m\u00fc\u015fterilerimize\u00a0 sunaca\u011f\u0131z. \u00a0 Sistemlerinizde ve ilgili birimlerinizde gerekli [&hellip;]<\/p>\n","protected":false},"author":1,"featured_media":0,"parent":0,"menu_order":0,"comment_status":"closed","ping_status":"closed","template":"","meta":{"footnotes":""},"class_list":["post-12663","page","type-page","status-publish","hentry"],"_links":{"self":[{"href":"https:\/\/vahdettiryakioglu.com.tr\/en\/wp-json\/wp\/v2\/pages\/12663","targetHints":{"allow":["GET"]}}],"collection":[{"href":"https:\/\/vahdettiryakioglu.com.tr\/en\/wp-json\/wp\/v2\/pages"}],"about":[{"href":"https:\/\/vahdettiryakioglu.com.tr\/en\/wp-json\/wp\/v2\/types\/page"}],"author":[{"embeddable":true,"href":"https:\/\/vahdettiryakioglu.com.tr\/en\/wp-json\/wp\/v2\/users\/1"}],"replies":[{"embeddable":true,"href":"https:\/\/vahdettiryakioglu.com.tr\/en\/wp-json\/wp\/v2\/comments?post=12663"}],"version-history":[{"count":35,"href":"https:\/\/vahdettiryakioglu.com.tr\/en\/wp-json\/wp\/v2\/pages\/12663\/revisions"}],"predecessor-version":[{"id":13483,"href":"https:\/\/vahdettiryakioglu.com.tr\/en\/wp-json\/wp\/v2\/pages\/12663\/revisions\/13483"}],"wp:attachment":[{"href":"https:\/\/vahdettiryakioglu.com.tr\/en\/wp-json\/wp\/v2\/media?parent=12663"}],"curies":[{"name":"wp","href":"https:\/\/api.w.org\/{rel}","templated":true}]}}