{"id":12155,"date":"2022-08-11T17:01:00","date_gmt":"2022-08-11T14:01:00","guid":{"rendered":"https:\/\/vahdettiryakioglu.com.tr\/?page_id=12155"},"modified":"2022-08-11T17:22:37","modified_gmt":"2022-08-11T14:22:37","slug":"b4b-kurulum","status":"publish","type":"page","link":"https:\/\/vahdettiryakioglu.com.tr\/en\/b4b-kurulum","title":{"rendered":"B4B Setup"},"content":{"rendered":"<div data-elementor-type=\"wp-page\" data-elementor-id=\"12155\" class=\"elementor elementor-12155\">\n\t\t\t\t\t\t<section class=\"elementor-section elementor-top-section elementor-element elementor-element-267bbd61 elementor-section-full_width elementor-section-height-min-height elementor-section-items-stretch elementor-section-height-default\" data-id=\"267bbd61\" data-element_type=\"section\" data-e-type=\"section\">\n\t\t\t\t\t\t<div class=\"elementor-container elementor-column-gap-no\">\n\t\t\t\t\t<div class=\"elementor-column elementor-col-50 elementor-top-column elementor-element elementor-element-4239442c\" data-id=\"4239442c\" data-element_type=\"column\" data-e-type=\"column\" data-settings=\"{&quot;background_background&quot;:&quot;classic&quot;}\">\n\t\t\t<div class=\"elementor-widget-wrap elementor-element-populated\">\n\t\t\t\t\t\t<section class=\"elementor-section elementor-inner-section elementor-element elementor-element-7313bded elementor-section-height-min-height elementor-section-content-middle elementor-section-boxed elementor-section-height-default\" data-id=\"7313bded\" data-element_type=\"section\" data-e-type=\"section\" data-settings=\"{&quot;background_background&quot;:&quot;classic&quot;}\">\n\t\t\t\t\t\t\t<div class=\"elementor-background-overlay\"><\/div>\n\t\t\t\t\t\t\t<div class=\"elementor-container elementor-column-gap-default\">\n\t\t\t\t\t<div class=\"elementor-column elementor-col-100 elementor-inner-column elementor-element elementor-element-2590e1ce\" data-id=\"2590e1ce\" data-element_type=\"column\" data-e-type=\"column\">\n\t\t\t<div class=\"elementor-widget-wrap\">\n\t\t\t\t\t\t\t<\/div>\n\t\t<\/div>\n\t\t\t\t\t<\/div>\n\t\t<\/section>\n\t\t\t\t\t<\/div>\n\t\t<\/div>\n\t\t\t\t<div class=\"elementor-column elementor-col-50 elementor-top-column elementor-element elementor-element-22a5ce3\" data-id=\"22a5ce3\" data-element_type=\"column\" data-e-type=\"column\">\n\t\t\t<div class=\"elementor-widget-wrap elementor-element-populated\">\n\t\t\t\t\t\t<section class=\"elementor-section elementor-inner-section elementor-element elementor-element-78f4f019 elementor-section-height-min-height elementor-section-content-middle elementor-section-boxed elementor-section-height-default\" data-id=\"78f4f019\" data-element_type=\"section\" data-e-type=\"section\">\n\t\t\t\t\t\t<div class=\"elementor-container elementor-column-gap-default\">\n\t\t\t\t\t<div class=\"elementor-column elementor-col-100 elementor-inner-column elementor-element elementor-element-52cbbfbb\" data-id=\"52cbbfbb\" data-element_type=\"column\" data-e-type=\"column\">\n\t\t\t<div class=\"elementor-widget-wrap elementor-element-populated\">\n\t\t\t\t\t\t<div class=\"elementor-element elementor-element-69209855 elementor-widget elementor-widget-hub_fancy_heading\" data-id=\"69209855\" data-element_type=\"widget\" data-e-type=\"widget\" data-widget_type=\"hub_fancy_heading.default\">\n\t\t\t\t<div class=\"elementor-widget-container\">\n\t\t\t\t\t\n\t\t<div id=\"ld-fancy-heading-69f58d2342d0b\" class=\"ld-fancy-heading pos-rel\">\n\t\t\t<h5 class=\"ld-fh-element d-inline-block pos-rel  elementor-heading-title lqd-highlight-classic lqd-highlight-grow-left h5\"  > What is B4B?<\/h5>\t\t<\/div>\n\n\t\t\t\t\t\t<\/div>\n\t\t\t\t<\/div>\n\t\t\t\t<div class=\"elementor-element elementor-element-70a10c88 elementor-widget-divider--view-line elementor-widget elementor-widget-divider\" data-id=\"70a10c88\" data-element_type=\"widget\" data-e-type=\"widget\" data-widget_type=\"divider.default\">\n\t\t\t\t\t\t\t<div class=\"elementor-divider\">\n\t\t\t<span class=\"elementor-divider-separator\">\n\t\t\t\t\t\t<\/span>\n\t\t<\/div>\n\t\t\t\t\t\t<\/div>\n\t\t\t\t<div class=\"elementor-element elementor-element-115a6d99 elementor-widget elementor-widget-hub_fancy_heading\" data-id=\"115a6d99\" data-element_type=\"widget\" data-e-type=\"widget\" data-widget_type=\"hub_fancy_heading.default\">\n\t\t\t\t<div class=\"elementor-widget-container\">\n\t\t\t\t\t\n\t\t<div id=\"ld-fancy-heading-69f58d234393a\" class=\"ld-fancy-heading pos-rel\">\n\t\t\t<p class=\"ld-fh-element d-inline-block pos-rel  lqd-highlight-classic lqd-highlight-grow-left p\"  > Vahdet Tiryakio\u011flu Automotive uses a software system to manage its extensive trade and dealer network. Thanks to this B4B system, you can find all the details of the products you wish to procure, view their stock levels, and place orders. \n\n<br><br>To access our B4B system, you need to download the following installation file to your computer and complete the installation by following the steps described. <\/p>\t\t<\/div>\n\n\t\t\t\t\t\t<\/div>\n\t\t\t\t<\/div>\n\t\t\t\t<div class=\"elementor-element elementor-element-171f1393 elementor-widget elementor-widget-spacer\" data-id=\"171f1393\" data-element_type=\"widget\" data-e-type=\"widget\" data-widget_type=\"spacer.default\">\n\t\t\t\t\t\t\t<div class=\"elementor-spacer\">\n\t\t\t<div class=\"elementor-spacer-inner\"><\/div>\n\t\t<\/div>\n\t\t\t\t\t\t<\/div>\n\t\t\t\t<div class=\"elementor-element elementor-element-55f7bbc6 elementor-widget elementor-widget-hub_fancy_heading\" data-id=\"55f7bbc6\" data-element_type=\"widget\" data-e-type=\"widget\" data-widget_type=\"hub_fancy_heading.default\">\n\t\t\t\t<div class=\"elementor-widget-container\">\n\t\t\t\t\t\n\t\t<div id=\"ld-fancy-heading-69f58d23442c9\" class=\"ld-fancy-heading pos-rel\">\n\t\t\t<h5 class=\"ld-fh-element d-inline-block pos-rel  elementor-heading-title lqd-highlight-classic lqd-highlight-grow-left h5\"  > B4B Setup File<\/h5>\t\t<\/div>\n\n\t\t\t\t\t\t<\/div>\n\t\t\t\t<\/div>\n\t\t\t\t<div class=\"elementor-element elementor-element-3f372b89 elementor-widget-divider--view-line elementor-widget elementor-widget-divider\" data-id=\"3f372b89\" data-element_type=\"widget\" data-e-type=\"widget\" data-widget_type=\"divider.default\">\n\t\t\t\t\t\t\t<div class=\"elementor-divider\">\n\t\t\t<span class=\"elementor-divider-separator\">\n\t\t\t\t\t\t<\/span>\n\t\t<\/div>\n\t\t\t\t\t\t<\/div>\n\t\t\t\t<div class=\"elementor-element elementor-element-3e959f7e elementor-widget elementor-widget-hub_fancy_heading\" data-id=\"3e959f7e\" data-element_type=\"widget\" data-e-type=\"widget\" data-widget_type=\"hub_fancy_heading.default\">\n\t\t\t\t<div class=\"elementor-widget-container\">\n\t\t\t\t\t\n\t\t<div id=\"ld-fancy-heading-69f58d2344be9\" class=\"ld-fancy-heading pos-rel\">\n\t\t\t<p class=\"ld-fh-element d-inline-block pos-rel  lqd-highlight-classic lqd-highlight-grow-left p\"  > To download the installation file for our B4B system to your computer, please click the link below.\n\n<br><br><b><a href=\"https:\/\/vahdettiryakioglu.com.tr\/wp-content\/uploads\/2022\/08\/setup.exe_.zip\">Download Installation File<\/a><\/b><\/p>\t\t<\/div>\n\n\t\t\t\t\t\t<\/div>\n\t\t\t\t<\/div>\n\t\t\t\t\t<\/div>\n\t\t<\/div>\n\t\t\t\t\t<\/div>\n\t\t<\/section>\n\t\t\t\t\t<\/div>\n\t\t<\/div>\n\t\t\t\t\t<\/div>\n\t\t<\/section>\n\t\t\t\t<\/div>","protected":false},"excerpt":{"rendered":"<p>B4B Nedir? Vahdet Tiryakio\u011flu Otomotiv olarak geni\u015f ticaret ve bayi a\u011f\u0131m\u0131z\u0131 y\u00f6netti\u011fimiz bir yaz\u0131l\u0131m sistemidir. B4B sistemi sayesinde tedarik etmek istedi\u011finiz \u00fcr\u00fcnlerimizin t\u00fcm detaylar\u0131n\u0131 bu sistem i\u00e7erisinde bulabilir, stok durumlar\u0131n\u0131 g\u00f6r\u00fcnt\u00fcleyebilir ve sipari\u015f olu\u015fturabilirsiniz. B4b sistemimize eri\u015febilmeniz i\u00e7in a\u015fa\u011f\u0131daki kurulum dosyas\u0131n\u0131 bilgisayar\u0131n\u0131za indirmeniz, ve gerekli kurulumu size tarif edilen ad\u0131mlarla ger\u00e7ekle\u015ftirmeniz gerekmektedir. B4B Kurulum Dosyas\u0131 [&hellip;]<\/p>\n","protected":false},"author":1,"featured_media":0,"parent":0,"menu_order":0,"comment_status":"closed","ping_status":"closed","template":"","meta":{"footnotes":""},"class_list":["post-12155","page","type-page","status-publish","hentry"],"_links":{"self":[{"href":"https:\/\/vahdettiryakioglu.com.tr\/en\/wp-json\/wp\/v2\/pages\/12155","targetHints":{"allow":["GET"]}}],"collection":[{"href":"https:\/\/vahdettiryakioglu.com.tr\/en\/wp-json\/wp\/v2\/pages"}],"about":[{"href":"https:\/\/vahdettiryakioglu.com.tr\/en\/wp-json\/wp\/v2\/types\/page"}],"author":[{"embeddable":true,"href":"https:\/\/vahdettiryakioglu.com.tr\/en\/wp-json\/wp\/v2\/users\/1"}],"replies":[{"embeddable":true,"href":"https:\/\/vahdettiryakioglu.com.tr\/en\/wp-json\/wp\/v2\/comments?post=12155"}],"version-history":[{"count":10,"href":"https:\/\/vahdettiryakioglu.com.tr\/en\/wp-json\/wp\/v2\/pages\/12155\/revisions"}],"predecessor-version":[{"id":12168,"href":"https:\/\/vahdettiryakioglu.com.tr\/en\/wp-json\/wp\/v2\/pages\/12155\/revisions\/12168"}],"wp:attachment":[{"href":"https:\/\/vahdettiryakioglu.com.tr\/en\/wp-json\/wp\/v2\/media?parent=12155"}],"curies":[{"name":"wp","href":"https:\/\/api.w.org\/{rel}","templated":true}]}}