{"id":11227,"date":"2022-06-09T19:02:49","date_gmt":"2022-06-09T16:02:49","guid":{"rendered":"http:\/\/www.vahdettiryakioglu.com.tr\/?page_id=11227"},"modified":"2024-06-28T11:59:10","modified_gmt":"2024-06-28T08:59:10","slug":"tarihce","status":"publish","type":"page","link":"https:\/\/vahdettiryakioglu.com.tr\/en\/tarihce","title":{"rendered":"History"},"content":{"rendered":"<div data-elementor-type=\"wp-page\" data-elementor-id=\"11227\" class=\"elementor elementor-11227\">\n\t\t\t\t\t\t<section class=\"elementor-section elementor-top-section elementor-element elementor-element-5b39f8fe elementor-section-height-min-height elementor-section-boxed elementor-section-height-default elementor-section-items-middle\" data-id=\"5b39f8fe\" data-element_type=\"section\" data-e-type=\"section\" data-settings=\"{&quot;background_background&quot;:&quot;classic&quot;,&quot;shape_divider_bottom&quot;:&quot;lqd-custom-shape-12&quot;}\">\n\t\t\t\t\t\t\t<div class=\"elementor-background-overlay\"><\/div>\n\t\t\t\t\t\t<div class=\"elementor-shape elementor-shape-bottom\" aria-hidden=\"true\" data-negative=\"false\">\n\t\t\t<svg class=\"lqd-custom-shape\" xmlns=\"http:\/\/www.w3.org\/2000\/svg\" preserveaspectratio=\"none\"  viewbox=\"0 0 1440 150\">\n    <path class=\"elementor-shape-fill\" d=\"M 0 26.1978 C 275.76 83.8152 430.707 65.0509 716.279 25.6386 C 930.422 -3.86123 1210.32 -3.98357 1439 9.18045 C 2072.34 45.9691 2201.93 62.4429 2560 26.198 V 172.199 L 0 172.199 V 26.1978 Z\">\n        <animate repeatcount=\"indefinite\" fill=\"freeze\" attributename=\"d\" dur=\"10s\" values=\"M0 25.9086C277 84.5821 433 65.736 720 25.9086C934.818 -3.9019 1214.06 -5.23669 1442 8.06597C2079 45.2421 2208 63.5007 2560 25.9088V171.91L0 171.91V25.9086Z; M0 86.3149C316 86.315 444 159.155 884 51.1554C1324 -56.8446 1320.29 34.1214 1538 70.4063C1814 116.407 2156 188.408 2560 86.315V232.317L0 232.316V86.3149Z; M0 53.6584C158 11.0001 213 0 363 0C513 0 855.555 115.001 1154 115.001C1440 115.001 1626 -38.0004 2560 53.6585V199.66L0 199.66V53.6584Z; M0 25.9086C277 84.5821 433 65.736 720 25.9086C934.818 -3.9019 1214.06 -5.23669 1442 8.06597C2079 45.2421 2208 63.5007 2560 25.9088V171.91L0 171.91V25.9086Z\">\n        <\/animate>\n    <\/path>\n<\/svg>\t\t<\/div>\n\t\t\t\t\t<div class=\"elementor-container elementor-column-gap-default\">\n\t\t\t\t\t<div class=\"elementor-column elementor-col-50 elementor-top-column elementor-element elementor-element-20fed8a9\" data-id=\"20fed8a9\" data-element_type=\"column\" data-e-type=\"column\">\n\t\t\t<div class=\"elementor-widget-wrap elementor-element-populated\">\n\t\t\t\t\t\t<div class=\"elementor-element elementor-element-46d0e214 elementor-widget elementor-widget-hub_fancy_heading\" data-id=\"46d0e214\" data-element_type=\"widget\" data-e-type=\"widget\" data-widget_type=\"hub_fancy_heading.default\">\n\t\t\t\t<div class=\"elementor-widget-container\">\n\t\t\t\t\t\n\t\t<div id=\"ld-fancy-heading-6a09c7ccb36ff\" class=\"ld-fancy-heading pos-rel\">\n\t\t\t<h2 class=\"ld-fh-element d-inline-block pos-rel  elementor-heading-title lqd-highlight-classic lqd-highlight-grow-left h2\"  > History<\/h2>\t\t<\/div>\n\n\t\t\t\t\t\t<\/div>\n\t\t\t\t<\/div>\n\t\t\t\t\t<\/div>\n\t\t<\/div>\n\t\t\t\t<div class=\"elementor-column elementor-col-50 elementor-top-column elementor-element elementor-element-6aff80a9\" data-id=\"6aff80a9\" data-element_type=\"column\" data-e-type=\"column\">\n\t\t\t<div class=\"elementor-widget-wrap\">\n\t\t\t\t\t\t\t<\/div>\n\t\t<\/div>\n\t\t\t\t\t<\/div>\n\t\t<\/section>\n\t\t<div class=\"elementor-element elementor-element-afc8c0e e-flex e-con-boxed e-con e-parent\" data-id=\"afc8c0e\" data-element_type=\"container\" data-e-type=\"container\" data-settings=\"{&quot;background_background&quot;:&quot;classic&quot;}\">\n\t\t\t\t\t<div class=\"e-con-inner\">\n\t\t\t\t<div class=\"elementor-element elementor-element-8bec377 elementor-invisible elementor-widget elementor-widget-timeline-widget-addon\" data-id=\"8bec377\" data-element_type=\"widget\" data-e-type=\"widget\" data-settings=\"{&quot;_animation&quot;:&quot;fadeIn&quot;}\" data-widget_type=\"timeline-widget-addon.default\">\n\t\t\t\t<div class=\"elementor-widget-container\">\n\t\t\t\t\t<!-- ========= Timeline Widget Addon For Elementor 1.6.23 ========= -->\n<div id=\"twae-wrapper-8bec377\" class=\"twae-vertical twae-wrapper  twae-both-sided\">   \n    <div class=\"twae-start\"><\/div>    \n    <div id=\"twea-timeline-8bec377\" class=\"twae-timeline\" ><!-- Start of Story Repeater Content --><div id=\"story-63ee10f\" class=\"twae-story twae-repeater-item twae-story-right twae-story-no-icon\"><!-- Story Label --><div class=\"twae-labels\"><div class=\"twae-label-big\">1960<\/div><div class=\"twae-label-small\">Establishment<\/div><\/div><!-- Story Icon --><div class=\"twae-icon\"><svg aria-hidden=\"true\" class=\"e-font-icon-svg e-fas-chevron-circle-down\" viewbox=\"0 0 512 512\" xmlns=\"http:\/\/www.w3.org\/2000\/svg\"><path d=\"M504 256c0 137-111 248-248 248S8 393 8 256 119 8 256 8s248 111 248 248zM273 369.9l135.5-135.5c9.4-9.4 9.4-24.6 0-33.9l-17-17c-9.4-9.4-24.6-9.4-33.9 0L256 285.1 154.4 183.5c-9.4-9.4-24.6-9.4-33.9 0l-17 17c-9.4 9.4-9.4 24.6 0 33.9L239 369.9c9.4 9.4 24.6 9.4 34 0z\"><\/path><\/svg><\/div><!-- Story Arrow --><div class=\"twae-arrow\"><\/div><!-- Start of Story Content --><div class=\"twae-content\"><!-- Story Title --><div class=\"twae-title\">Vahdet Tiryakio\u011flu Automotive Company<\/div><!-- Story Image --><div class=\"twae-media large\"><img fetchpriority=\"high\" decoding=\"async\" width=\"450\" height=\"350\" src=\"https:\/\/vahdettiryakioglu.com.tr\/wp-content\/uploads\/2022\/06\/t1.jpeg\" class=\"attachment-large size-large\" alt=\"\" srcset=\"https:\/\/vahdettiryakioglu.com.tr\/wp-content\/uploads\/2022\/06\/t1.jpeg 450w, https:\/\/vahdettiryakioglu.com.tr\/wp-content\/uploads\/2022\/06\/t1-300x233.jpeg 300w\" sizes=\"(max-width: 450px) 100vw, 450px\" itemprop=\"image\" \/><\/div><!-- Story Description --><div class=\"twae-description\"><p>Vahdet Tiryakio\u011flu Automotive Industry and Trade Inc. began its commercial life in 1960 as a sole proprietorship owned by Vahdet Tiryakio\u011flu.<\/p><\/div><\/div><\/div><!-- Start of Story Repeater Content --><div id=\"story-c929d04\" class=\"twae-story twae-repeater-item twae-story-left twae-story-no-icon\"><!-- Story Label --><div class=\"twae-labels\"><div class=\"twae-label-big\">1981<\/div><div class=\"twae-label-small\">Transformation into a Family Business<\/div><\/div><!-- Story Icon --><div class=\"twae-icon\"><svg aria-hidden=\"true\" class=\"e-font-icon-svg e-fas-chevron-circle-down\" viewbox=\"0 0 512 512\" xmlns=\"http:\/\/www.w3.org\/2000\/svg\"><path d=\"M504 256c0 137-111 248-248 248S8 393 8 256 119 8 256 8s248 111 248 248zM273 369.9l135.5-135.5c9.4-9.4 9.4-24.6 0-33.9l-17-17c-9.4-9.4-24.6-9.4-33.9 0L256 285.1 154.4 183.5c-9.4-9.4-24.6-9.4-33.9 0l-17 17c-9.4 9.4-9.4 24.6 0 33.9L239 369.9c9.4 9.4 24.6 9.4 34 0z\"><\/path><\/svg><\/div><!-- Story Arrow --><div class=\"twae-arrow\"><\/div><!-- Start of Story Content --><div class=\"twae-content\"><!-- Story Title --><div class=\"twae-title\">Vahdet Tiryakio\u011flu Automotive<\/div><!-- Story Image --><div class=\"twae-media large\"><img decoding=\"async\" width=\"183\" height=\"275\" src=\"data:image\/svg+xml;charset=utf-8,%3Csvg xmlns%3D&#039;http%3A%2F%2Fwww.w3.org%2F2000%2Fsvg&#039; viewBox%3D&#039;0 0 183 275&#039;%2F%3E\" class=\"attachment-large size-large ld-lazyload\" alt=\"\" itemprop=\"image\" data-src=\"https:\/\/vahdettiryakioglu.com.tr\/wp-content\/uploads\/2022\/06\/bina-e1654793628155.jpeg\" data-aspect=\"0.66545454545455\" \/><\/div><!-- Story Description --><div class=\"twae-description\"><p>It became a family business in 1981. Until 1992, it only operated as a wholesaler of bearings, but from 1993 onwards, it started importing belts and bearings.\u00a0<\/p><\/div><\/div><\/div><!-- Start of Story Repeater Content --><div id=\"story-6609af9\" class=\"twae-story twae-repeater-item twae-story-right twae-story-no-icon\"><!-- Story Label --><div class=\"twae-labels\"><div class=\"twae-label-big\">2010<\/div><div class=\"twae-label-small\">Exporting to more than 20 countries.<\/div><\/div><!-- Story Icon --><div class=\"twae-icon\"><svg aria-hidden=\"true\" class=\"e-font-icon-svg e-fas-chevron-circle-down\" viewbox=\"0 0 512 512\" xmlns=\"http:\/\/www.w3.org\/2000\/svg\"><path d=\"M504 256c0 137-111 248-248 248S8 393 8 256 119 8 256 8s248 111 248 248zM273 369.9l135.5-135.5c9.4-9.4 9.4-24.6 0-33.9l-17-17c-9.4-9.4-24.6-9.4-33.9 0L256 285.1 154.4 183.5c-9.4-9.4-24.6-9.4-33.9 0l-17 17c-9.4 9.4-9.4 24.6 0 33.9L239 369.9c9.4 9.4 24.6 9.4 34 0z\"><\/path><\/svg><\/div><!-- Story Arrow --><div class=\"twae-arrow\"><\/div><!-- Start of Story Content --><div class=\"twae-content\"><!-- Story Title --><div class=\"twae-title\">Exporting to more than 20 countries.<\/div><!-- Story Image --><div class=\"twae-media large\"><img decoding=\"async\" width=\"480\" height=\"360\" src=\"data:image\/svg+xml;charset=utf-8,%3Csvg xmlns%3D&#039;http%3A%2F%2Fwww.w3.org%2F2000%2Fsvg&#039; viewBox%3D&#039;0 0 480 360&#039;%2F%3E\" class=\"attachment-large size-large ld-lazyload\" alt=\"\" itemprop=\"image\" data-src=\"https:\/\/vahdettiryakioglu.com.tr\/wp-content\/uploads\/2022\/05\/video-kapak.png\" data-srcset=\"https:\/\/vahdettiryakioglu.com.tr\/wp-content\/uploads\/2022\/05\/video-kapak.png 480w, https:\/\/vahdettiryakioglu.com.tr\/wp-content\/uploads\/2022\/05\/video-kapak-300x225.png 300w, https:\/\/vahdettiryakioglu.com.tr\/wp-content\/uploads\/2022\/05\/video-kapak-16x12.png 16w\" data-sizes=\"(max-width: 480px) 100vw, 480px\" data-aspect=\"1.3333333333333\" \/><\/div><!-- Story Description --><div class=\"twae-description\"><p>The company, which is the distributor of DAYCO, GMB, VOE, ALT, ILJIN, and ROULUNDS brands in Turkey, delivers these brands to the market through its valued dealers and provides service to all provinces and districts of T\u00fcrkiye. VOE is a registered trademark of Vahdet Tiryakio\u011flu Otom. San. Tic. A.\u015e. It is manufactured in factories with proven quality and has been used reliably in Turkey and 20 other countries since 2010.\u00a0<\/p><\/div><\/div><\/div><!-- Start of Story Repeater Content --><div id=\"story-f857a1d\" class=\"twae-story twae-repeater-item twae-story-left twae-story-no-icon\"><!-- Story Label --><div class=\"twae-labels\"><div class=\"twae-label-big\">2012<\/div><div class=\"twae-label-small\">Exporting to over 40 countries.<\/div><\/div><!-- Story Icon --><div class=\"twae-icon\"><svg aria-hidden=\"true\" class=\"e-font-icon-svg e-fas-chevron-circle-down\" viewbox=\"0 0 512 512\" xmlns=\"http:\/\/www.w3.org\/2000\/svg\"><path d=\"M504 256c0 137-111 248-248 248S8 393 8 256 119 8 256 8s248 111 248 248zM273 369.9l135.5-135.5c9.4-9.4 9.4-24.6 0-33.9l-17-17c-9.4-9.4-24.6-9.4-33.9 0L256 285.1 154.4 183.5c-9.4-9.4-24.6-9.4-33.9 0l-17 17c-9.4 9.4-9.4 24.6 0 33.9L239 369.9c9.4 9.4 24.6 9.4 34 0z\"><\/path><\/svg><\/div><!-- Story Arrow --><div class=\"twae-arrow\"><\/div><!-- Start of Story Content --><div class=\"twae-content\"><!-- Story Title --><div class=\"twae-title\">Exporting to over 40 countries.<\/div><!-- Story Image --><div class=\"twae-media large\"><img loading=\"lazy\" decoding=\"async\" width=\"780\" height=\"520\" src=\"data:image\/svg+xml;charset=utf-8,%3Csvg xmlns%3D&#039;http%3A%2F%2Fwww.w3.org%2F2000%2Fsvg&#039; viewBox%3D&#039;0 0 1024 683&#039;%2F%3E\" class=\"attachment-large size-large ld-lazyload\" alt=\"\" itemprop=\"image\" data-src=\"https:\/\/vahdettiryakioglu.com.tr\/wp-content\/uploads\/2022\/09\/12-1024x683.jpeg\" data-srcset=\"https:\/\/vahdettiryakioglu.com.tr\/wp-content\/uploads\/2022\/09\/12-1024x683.jpeg 1024w, https:\/\/vahdettiryakioglu.com.tr\/wp-content\/uploads\/2022\/09\/12-300x200.jpeg 300w, https:\/\/vahdettiryakioglu.com.tr\/wp-content\/uploads\/2022\/09\/12-1536x1025.jpeg 1536w, https:\/\/vahdettiryakioglu.com.tr\/wp-content\/uploads\/2022\/09\/12-720x480.jpeg 720w, https:\/\/vahdettiryakioglu.com.tr\/wp-content\/uploads\/2022\/09\/12-600x400.jpeg 600w, https:\/\/vahdettiryakioglu.com.tr\/wp-content\/uploads\/2022\/09\/12.jpeg 1988w\" data-sizes=\"(max-width: 780px) 100vw, 780px\" data-aspect=\"1.4992679355783\" \/><\/div><!-- Story Description --><div class=\"twae-description\"><p>The company, which is the distributor of DAYCO, GMB, VOE, ALT, ILJIN, and ROULUNDS brands in Turkey, delivers these brands to the market through its valued dealers and provides service to all provinces and districts of T\u00fcrkiye. VOE is a registered trademark of Vahdet Tiryakio\u011flu Otom. San. Tic. A.\u015e. It is manufactured in factories with proven quality and has been used reliably in Turkey and 20 other countries since 2010.\u00a0<\/p><\/div><\/div><\/div><\/div>\n    <div class=\"twae-end\"><\/div>\n    <\/div><style type=\"text\/css\">@media (max-width: 1024px){ .twae-wrapper{--tw-ybx-size: 80px !important;}}@media (max-width: 767px){ .twae-wrapper{--tw-ybx-size: 80px !important}}<\/style>\t\t\t\t<\/div>\n\t\t\t\t<\/div>\n\t\t\t\t\t<\/div>\n\t\t\t\t<\/div>\n\t\t\t\t<\/div>","protected":false},"excerpt":{"rendered":"<p>Tarih\u00e7e 1960Kurulu\u015fVahdet Tiryakio\u011flu Otomotiv Kurulu\u015fu Vahdet Tiryakio\u011flu Otomotiv Sanayi ve Ticaret A.\u015e, 1960 y\u0131l\u0131nda Vahdet Tiryakio\u011flu \u015fah\u0131s firmas\u0131 olarak ticari hayat\u0131na ba\u015flam\u0131\u015ft\u0131r. 1981Aile \u015eirketine D\u00f6n\u00fc\u015f\u00fcn\u00fcm\u00fcVahdet Tiryakio\u011flu Otomotiv 1981 y\u0131l\u0131nda aile \u015firketine d\u00f6n\u00fc\u015fm\u00fc\u015ft\u00fcr. 1992 y\u0131l\u0131na kadar yaln\u0131z rulman toptanc\u0131l\u0131\u011f\u0131 konusunda faaliyet g\u00f6sterilirken, 1993 y\u0131l\u0131 itibari ile kay\u0131\u015f ve rulman ithalat\u0131na ba\u015flanm\u0131\u015ft\u0131r.\u00a0 201020&#8217;den Fazla \u00dclkeye \u0130hracat20&#8217;den Fazla [&hellip;]<\/p>\n","protected":false},"author":1,"featured_media":0,"parent":0,"menu_order":0,"comment_status":"closed","ping_status":"closed","template":"","meta":{"footnotes":""},"class_list":["post-11227","page","type-page","status-publish","hentry"],"_links":{"self":[{"href":"https:\/\/vahdettiryakioglu.com.tr\/en\/wp-json\/wp\/v2\/pages\/11227","targetHints":{"allow":["GET"]}}],"collection":[{"href":"https:\/\/vahdettiryakioglu.com.tr\/en\/wp-json\/wp\/v2\/pages"}],"about":[{"href":"https:\/\/vahdettiryakioglu.com.tr\/en\/wp-json\/wp\/v2\/types\/page"}],"author":[{"embeddable":true,"href":"https:\/\/vahdettiryakioglu.com.tr\/en\/wp-json\/wp\/v2\/users\/1"}],"replies":[{"embeddable":true,"href":"https:\/\/vahdettiryakioglu.com.tr\/en\/wp-json\/wp\/v2\/comments?post=11227"}],"version-history":[{"count":36,"href":"https:\/\/vahdettiryakioglu.com.tr\/en\/wp-json\/wp\/v2\/pages\/11227\/revisions"}],"predecessor-version":[{"id":13822,"href":"https:\/\/vahdettiryakioglu.com.tr\/en\/wp-json\/wp\/v2\/pages\/11227\/revisions\/13822"}],"wp:attachment":[{"href":"https:\/\/vahdettiryakioglu.com.tr\/en\/wp-json\/wp\/v2\/media?parent=11227"}],"curies":[{"name":"wp","href":"https:\/\/api.w.org\/{rel}","templated":true}]}}